{"id":2146,"date":"2018-10-26T09:36:49","date_gmt":"2018-10-26T09:36:49","guid":{"rendered":"http:\/\/grupoanimacion.upv.es\/elcinedeperezarroyo\/?page_id=2146"},"modified":"2020-02-21T19:39:34","modified_gmt":"2020-02-21T19:39:34","slug":"cierre-en-iris","status":"publish","type":"page","link":"https:\/\/grupoanimacion.webs.upv.es\/elcinedeperezarroyo\/la-familia\/cierre-en-iris\/","title":{"rendered":"Cierre en iris"},"content":{"rendered":"<div class=\"wpb-content-wrapper\"><p>[vc_row][vc_column][vc_custom_heading source=&#8221;post_title&#8221; font_container=&#8221;tag:h2|font_size:100|text_align:center&#8221; google_fonts=&#8221;font_family:Playfair%20Display%3Aregular%2Citalic%2C700%2C700italic%2C900%2C900italic|font_style:900%20bold%20regular%3A900%3Anormal&#8221; css_animation=&#8221;fadeInUp&#8221; css=&#8221;.vc_custom_1540546668914{padding-top: 10% !important;padding-bottom: 10% !important;}&#8221;][\/vc_column][\/vc_row][vc_row el_class=&#8221;responsive-banner-home1&#8243;][vc_column width=&#8221;1\/2&#8243; css=&#8221;.vc_custom_1540547461477{padding-top: 20% !important;}&#8221;][vc_custom_heading heading_style=&#8221;heading_style_1&#8243; text=&#8221;&#8221; use_theme_fonts=&#8221;yes&#8221;][vc_column_text css=&#8221;.vc_custom_1582313943311{padding-right: 15% !important;}&#8221;]P\u00e9rez Arroyo y familia fueron un paradigma de su tiempo; personas muy despiertas constantemente tras la pista de cualquier nueva posibilidad que les permitiera prosperar en plena posguerra. Y ello con la dificultad a\u00f1adida de vivir del hecho art\u00edstico\u2014lo que nunca ha sido f\u00e1cil\u2014 en cualquiera de sus formas; si en un principio fue la publicidad para cines y radio, despu\u00e9s vendr\u00eda el rodaje de cortos animados, los documentales, los tebeos, las patentes y al final el dise\u00f1o de los proyectores de juguete. Pero en esta \u00faltima etapa, si su esp\u00edritu emprendedor no hubiera contado con la respuesta de aliados tan visionarios como los industriales Pay\u00e1 y Saludes, o con la implicaci\u00f3n t\u00e9cnica y humana de los Laboratorios Andreu, no se habr\u00eda rodado ni un solo dibujo.<\/p>\n<p>Con una producci\u00f3n final de nueve cortometrajes, dos piezas animadas para documentales y cuatro anuncios publicitarios en 35 mm, as\u00ed como con un centenar de t\u00edtulos para proyectores de juguete, creemos que los nombres de P\u00e9rez Arroyo e hijo debieran ocupar otro lugar en la historia de la animaci\u00f3n de nuestro pa\u00eds m\u00e1s all\u00e1 del anecd\u00f3tico. Quiz\u00e1 la raz\u00f3n haya sido, como apunt\u00e1bamos en la <a href=\"https:\/\/grupoanimacion.webs.upv.es\/elcinedeperezarroyo\/la-familia\/\">introducci\u00f3n<\/a> de este trabajo, solo circunstancial; trabajar fuera del gran y tradicional foco animado que fue Barcelona y la desconexi\u00f3n con sus iguales de profesi\u00f3n, o no tener un nombre construido previamente como historietistas, como fue com\u00fan en la mayor\u00eda de los dibujantes luego reconvertidos en animadores. Pero lo que parece probable es que su continuidad, tras la extinci\u00f3n del cortometraje, en un medio menor como el cine de juguete contribuy\u00f3 a este olvido. Mientras en Barcelona talentos como el suyo cristalizaban en los cr\u00e9ditos de largometrajes como <em>Garbancito de la Mancha<\/em> (Arturo Moreno, 1945), <em>Alegres vacaciones <\/em>(Arturo Moreno, 1948), <em>\u00c9rase una vez<\/em>\u2026(Alejandro Cirici-Pellicer, 1950) o <em>Los sue\u00f1os de Tay-Pi<\/em> (Franz Winterstein, 1952), los realizadores de cine de juguete simplemente no constaban. Parad\u00f3jicamente, la elecci\u00f3n de un medio tan popular como los proyectores dom\u00e9sticos acab\u00f3 diluyendo su nombre, y el de su equipo, en un gran n\u00famero de retinas, probablemente m\u00e1s que las que vieron los reconocidos largometrajes.[\/vc_column_text][\/vc_column][vc_column width=&#8221;1\/2&#8243; css=&#8221;.vc_custom_1540547649359{padding-top: 20% !important;}&#8221;][vc_row_inner el_class=&#8221;banner-home-1-2&#8243;][vc_column_inner width=&#8221;2\/6&#8243;][\/vc_column_inner][vc_column_inner width=&#8221;4\/6&#8243;][vc_column_text el_class=&#8221;secondary-font&#8221;][\/vc_column_text][vc_single_image image=&#8221;2161&#8243; img_size=&#8221;large&#8221; style=&#8221;vc_box_shadow&#8221; onclick=&#8221;link_image&#8221;][vc_custom_heading heading_style=&#8221;heading_style_2&#8243; text=&#8221;Acuarela con Tol\u00edn, (Alberto P\u00e9rez Maset, 1947)&#8221; font_container=&#8221;tag:h6|text_align:right|color:%23000000&#8243; google_fonts=&#8221;font_family:Lato%3A100%2C100italic%2C300%2C300italic%2Cregular%2Citalic%2C700%2C700italic%2C900%2C900italic|font_style:300%20light%20regular%3A300%3Anormal&#8221;][\/vc_column_inner][\/vc_row_inner][vc_row_inner el_class=&#8221;banner-home-1-2&#8243;][vc_column_inner width=&#8221;2\/3&#8243; css=&#8221;.vc_custom_1540547666795{padding-top: 10% !important;}&#8221;][vc_single_image image=&#8221;2162&#8243; img_size=&#8221;large&#8221; style=&#8221;vc_box_shadow&#8221; onclick=&#8221;link_image&#8221;][vc_custom_heading heading_style=&#8221;heading_style_2&#8243; text=&#8221;Acuarela con Tol\u00edn (Alberto P\u00e9rez Maset, 1946)&#8221; font_container=&#8221;tag:h6|text_align:right|color:%23000000&#8243; google_fonts=&#8221;font_family:Lato%3A100%2C100italic%2C300%2C300italic%2Cregular%2Citalic%2C700%2C700italic%2C900%2C900italic|font_style:300%20light%20regular%3A300%3Anormal&#8221;][\/vc_column_inner][vc_column_inner width=&#8221;1\/3&#8243;][\/vc_column_inner][\/vc_row_inner][\/vc_column][\/vc_row][vc_row css=&#8221;.vc_custom_1498557103095{margin-top: 6% !important;}&#8221;][vc_column][\/vc_column][\/vc_row][vc_row css=&#8221;.vc_custom_1500867681847{padding-top: 3% !important;padding-bottom: 6% !important;}&#8221;][vc_column][\/vc_column][\/vc_row]<\/p>\n<\/div>","protected":false},"excerpt":{"rendered":"<p>[vc_row][vc_column][vc_custom_heading source=&#8221;post_title&#8221; font_container=&#8221;tag:h2|font_size:100|text_align:center&#8221; google_fonts=&#8221;font_family:Playfair%20Display%3Aregular%2Citalic%2C700%2C700italic%2C900%2C900italic|font_style:900%20bold%20regular%3A900%3Anormal&#8221; css_animation=&#8221;fadeInUp&#8221; css=&#8221;.vc_custom_1540546668914{padding-top: 10% !important;padding-bottom: 10% !important;}&#8221;][\/vc_column][\/vc_row][vc_row el_class=&#8221;responsive-banner-home1&#8243;][vc_column width=&#8221;1\/2&#8243; css=&#8221;.vc_custom_1540547461477{padding-top: 20% !important;}&#8221;][vc_custom_heading heading_style=&#8221;heading_style_1&#8243; text=&#8221;&#8221; use_theme_fonts=&#8221;yes&#8221;][vc_column_text css=&#8221;.vc_custom_1582313943311{padding-right: 15% !important;}&#8221;]P\u00e9rez Arroyo y familia fueron un paradigma de su tiempo; personas muy despiertas constantemente tras la pista de cualquier nueva posibilidad que les permitiera prosperar en plena posguerra. Y ello con la dificultad a\u00f1adida de [&hellip;]<\/p>\n","protected":false},"author":4,"featured_media":1872,"parent":491,"menu_order":0,"comment_status":"closed","ping_status":"closed","template":"","meta":{"footnotes":""},"class_list":["post-2146","page","type-page","status-publish","has-post-thumbnail","hentry","clearfix"],"yoast_head":"<!-- This site is optimized with the Yoast SEO plugin v27.5 - https:\/\/yoast.com\/product\/yoast-seo-wordpress\/ -->\n<title>Cierre en iris - El cine de Perez Arroyo<\/title>\n<meta name=\"robots\" content=\"index, follow, max-snippet:-1, max-image-preview:large, max-video-preview:-1\" \/>\n<link rel=\"canonical\" href=\"https:\/\/grupoanimacion.webs.upv.es\/elcinedeperezarroyo\/la-familia\/cierre-en-iris\/\" \/>\n<meta property=\"og:locale\" content=\"es_ES\" \/>\n<meta property=\"og:type\" content=\"article\" \/>\n<meta property=\"og:title\" content=\"Cierre en iris - El cine de Perez Arroyo\" \/>\n<meta property=\"og:description\" content=\"[vc_row][vc_column][vc_custom_heading source=&#8221;post_title&#8221; font_container=&#8221;tag:h2|font_size:100|text_align:center&#8221; google_fonts=&#8221;font_family:Playfair%20Display%3Aregular%2Citalic%2C700%2C700italic%2C900%2C900italic|font_style:900%20bold%20regular%3A900%3Anormal&#8221; css_animation=&#8221;fadeInUp&#8221; css=&#8221;.vc_custom_1540546668914{padding-top: 10% !important;padding-bottom: 10% !important;}&#8221;][\/vc_column][\/vc_row][vc_row el_class=&#8221;responsive-banner-home1&#8243;][vc_column width=&#8221;1\/2&#8243; css=&#8221;.vc_custom_1540547461477{padding-top: 20% !important;}&#8221;][vc_custom_heading heading_style=&#8221;heading_style_1&#8243; text=&#8221;&#8221; use_theme_fonts=&#8221;yes&#8221;][vc_column_text css=&#8221;.vc_custom_1582313943311{padding-right: 15% !important;}&#8221;]P\u00e9rez Arroyo y familia fueron un paradigma de su tiempo; personas muy despiertas constantemente tras la pista de cualquier nueva posibilidad que les permitiera prosperar en plena posguerra. Y ello con la dificultad a\u00f1adida de [&hellip;]\" \/>\n<meta property=\"og:url\" content=\"https:\/\/grupoanimacion.webs.upv.es\/elcinedeperezarroyo\/la-familia\/cierre-en-iris\/\" \/>\n<meta property=\"og:site_name\" content=\"El cine de Perez Arroyo\" \/>\n<meta property=\"article:modified_time\" content=\"2020-02-21T19:39:34+00:00\" \/>\n<meta property=\"og:image\" content=\"https:\/\/grupoanimacion.webs.upv.es\/elcinedeperezarroyo\/wp-content\/uploads\/2018\/10\/Estudio-Pe\u0301rez-Arroyo-1943EDITADA-1024x636.jpg\" \/>\n\t<meta property=\"og:image:width\" content=\"1024\" \/>\n\t<meta property=\"og:image:height\" content=\"636\" \/>\n\t<meta property=\"og:image:type\" content=\"image\/jpeg\" \/>\n<meta name=\"twitter:card\" content=\"summary_large_image\" \/>\n<meta name=\"twitter:label1\" content=\"Tiempo de lectura\" \/>\n\t<meta name=\"twitter:data1\" content=\"3 minutos\" \/>\n<script type=\"application\/ld+json\" class=\"yoast-schema-graph\">{\"@context\":\"https:\\\/\\\/schema.org\",\"@graph\":[{\"@type\":\"WebPage\",\"@id\":\"https:\\\/\\\/grupoanimacion.webs.upv.es\\\/elcinedeperezarroyo\\\/la-familia\\\/cierre-en-iris\\\/\",\"url\":\"https:\\\/\\\/grupoanimacion.webs.upv.es\\\/elcinedeperezarroyo\\\/la-familia\\\/cierre-en-iris\\\/\",\"name\":\"Cierre en iris - El cine de Perez Arroyo\",\"isPartOf\":{\"@id\":\"https:\\\/\\\/grupoanimacion.webs.upv.es\\\/elcinedeperezarroyo\\\/#website\"},\"primaryImageOfPage\":{\"@id\":\"https:\\\/\\\/grupoanimacion.webs.upv.es\\\/elcinedeperezarroyo\\\/la-familia\\\/cierre-en-iris\\\/#primaryimage\"},\"image\":{\"@id\":\"https:\\\/\\\/grupoanimacion.webs.upv.es\\\/elcinedeperezarroyo\\\/la-familia\\\/cierre-en-iris\\\/#primaryimage\"},\"thumbnailUrl\":\"https:\\\/\\\/grupoanimacion.webs.upv.es\\\/elcinedeperezarroyo\\\/wp-content\\\/uploads\\\/2018\\\/10\\\/Estudio-Pe\u0301rez-Arroyo-1943EDITADA.jpg\",\"datePublished\":\"2018-10-26T09:36:49+00:00\",\"dateModified\":\"2020-02-21T19:39:34+00:00\",\"breadcrumb\":{\"@id\":\"https:\\\/\\\/grupoanimacion.webs.upv.es\\\/elcinedeperezarroyo\\\/la-familia\\\/cierre-en-iris\\\/#breadcrumb\"},\"inLanguage\":\"es\",\"potentialAction\":[{\"@type\":\"ReadAction\",\"target\":[\"https:\\\/\\\/grupoanimacion.webs.upv.es\\\/elcinedeperezarroyo\\\/la-familia\\\/cierre-en-iris\\\/\"]}]},{\"@type\":\"ImageObject\",\"inLanguage\":\"es\",\"@id\":\"https:\\\/\\\/grupoanimacion.webs.upv.es\\\/elcinedeperezarroyo\\\/la-familia\\\/cierre-en-iris\\\/#primaryimage\",\"url\":\"https:\\\/\\\/grupoanimacion.webs.upv.es\\\/elcinedeperezarroyo\\\/wp-content\\\/uploads\\\/2018\\\/10\\\/Estudio-Pe\u0301rez-Arroyo-1943EDITADA.jpg\",\"contentUrl\":\"https:\\\/\\\/grupoanimacion.webs.upv.es\\\/elcinedeperezarroyo\\\/wp-content\\\/uploads\\\/2018\\\/10\\\/Estudio-Pe\u0301rez-Arroyo-1943EDITADA.jpg\",\"width\":6323,\"height\":3926},{\"@type\":\"BreadcrumbList\",\"@id\":\"https:\\\/\\\/grupoanimacion.webs.upv.es\\\/elcinedeperezarroyo\\\/la-familia\\\/cierre-en-iris\\\/#breadcrumb\",\"itemListElement\":[{\"@type\":\"ListItem\",\"position\":1,\"name\":\"Portada\",\"item\":\"https:\\\/\\\/grupoanimacion.webs.upv.es\\\/elcinedeperezarroyo\\\/\"},{\"@type\":\"ListItem\",\"position\":2,\"name\":\"La familia\",\"item\":\"https:\\\/\\\/grupoanimacion.webs.upv.es\\\/elcinedeperezarroyo\\\/la-familia\\\/\"},{\"@type\":\"ListItem\",\"position\":3,\"name\":\"Cierre en iris\"}]},{\"@type\":\"WebSite\",\"@id\":\"https:\\\/\\\/grupoanimacion.webs.upv.es\\\/elcinedeperezarroyo\\\/#website\",\"url\":\"https:\\\/\\\/grupoanimacion.webs.upv.es\\\/elcinedeperezarroyo\\\/\",\"name\":\"El cine de Perez Arroyo\",\"description\":\"\",\"potentialAction\":[{\"@type\":\"SearchAction\",\"target\":{\"@type\":\"EntryPoint\",\"urlTemplate\":\"https:\\\/\\\/grupoanimacion.webs.upv.es\\\/elcinedeperezarroyo\\\/?s={search_term_string}\"},\"query-input\":{\"@type\":\"PropertyValueSpecification\",\"valueRequired\":true,\"valueName\":\"search_term_string\"}}],\"inLanguage\":\"es\"}]}<\/script>\n<!-- \/ Yoast SEO plugin. -->","yoast_head_json":{"title":"Cierre en iris - El cine de Perez Arroyo","robots":{"index":"index","follow":"follow","max-snippet":"max-snippet:-1","max-image-preview":"max-image-preview:large","max-video-preview":"max-video-preview:-1"},"canonical":"https:\/\/grupoanimacion.webs.upv.es\/elcinedeperezarroyo\/la-familia\/cierre-en-iris\/","og_locale":"es_ES","og_type":"article","og_title":"Cierre en iris - El cine de Perez Arroyo","og_description":"[vc_row][vc_column][vc_custom_heading source=&#8221;post_title&#8221; font_container=&#8221;tag:h2|font_size:100|text_align:center&#8221; google_fonts=&#8221;font_family:Playfair%20Display%3Aregular%2Citalic%2C700%2C700italic%2C900%2C900italic|font_style:900%20bold%20regular%3A900%3Anormal&#8221; css_animation=&#8221;fadeInUp&#8221; css=&#8221;.vc_custom_1540546668914{padding-top: 10% !important;padding-bottom: 10% !important;}&#8221;][\/vc_column][\/vc_row][vc_row el_class=&#8221;responsive-banner-home1&#8243;][vc_column width=&#8221;1\/2&#8243; css=&#8221;.vc_custom_1540547461477{padding-top: 20% !important;}&#8221;][vc_custom_heading heading_style=&#8221;heading_style_1&#8243; text=&#8221;&#8221; use_theme_fonts=&#8221;yes&#8221;][vc_column_text css=&#8221;.vc_custom_1582313943311{padding-right: 15% !important;}&#8221;]P\u00e9rez Arroyo y familia fueron un paradigma de su tiempo; personas muy despiertas constantemente tras la pista de cualquier nueva posibilidad que les permitiera prosperar en plena posguerra. Y ello con la dificultad a\u00f1adida de [&hellip;]","og_url":"https:\/\/grupoanimacion.webs.upv.es\/elcinedeperezarroyo\/la-familia\/cierre-en-iris\/","og_site_name":"El cine de Perez Arroyo","article_modified_time":"2020-02-21T19:39:34+00:00","og_image":[{"width":1024,"height":636,"url":"https:\/\/grupoanimacion.webs.upv.es\/elcinedeperezarroyo\/wp-content\/uploads\/2018\/10\/Estudio-Pe\u0301rez-Arroyo-1943EDITADA-1024x636.jpg","type":"image\/jpeg"}],"twitter_card":"summary_large_image","twitter_misc":{"Tiempo de lectura":"3 minutos"},"schema":{"@context":"https:\/\/schema.org","@graph":[{"@type":"WebPage","@id":"https:\/\/grupoanimacion.webs.upv.es\/elcinedeperezarroyo\/la-familia\/cierre-en-iris\/","url":"https:\/\/grupoanimacion.webs.upv.es\/elcinedeperezarroyo\/la-familia\/cierre-en-iris\/","name":"Cierre en iris - El cine de Perez Arroyo","isPartOf":{"@id":"https:\/\/grupoanimacion.webs.upv.es\/elcinedeperezarroyo\/#website"},"primaryImageOfPage":{"@id":"https:\/\/grupoanimacion.webs.upv.es\/elcinedeperezarroyo\/la-familia\/cierre-en-iris\/#primaryimage"},"image":{"@id":"https:\/\/grupoanimacion.webs.upv.es\/elcinedeperezarroyo\/la-familia\/cierre-en-iris\/#primaryimage"},"thumbnailUrl":"https:\/\/grupoanimacion.webs.upv.es\/elcinedeperezarroyo\/wp-content\/uploads\/2018\/10\/Estudio-Pe\u0301rez-Arroyo-1943EDITADA.jpg","datePublished":"2018-10-26T09:36:49+00:00","dateModified":"2020-02-21T19:39:34+00:00","breadcrumb":{"@id":"https:\/\/grupoanimacion.webs.upv.es\/elcinedeperezarroyo\/la-familia\/cierre-en-iris\/#breadcrumb"},"inLanguage":"es","potentialAction":[{"@type":"ReadAction","target":["https:\/\/grupoanimacion.webs.upv.es\/elcinedeperezarroyo\/la-familia\/cierre-en-iris\/"]}]},{"@type":"ImageObject","inLanguage":"es","@id":"https:\/\/grupoanimacion.webs.upv.es\/elcinedeperezarroyo\/la-familia\/cierre-en-iris\/#primaryimage","url":"https:\/\/grupoanimacion.webs.upv.es\/elcinedeperezarroyo\/wp-content\/uploads\/2018\/10\/Estudio-Pe\u0301rez-Arroyo-1943EDITADA.jpg","contentUrl":"https:\/\/grupoanimacion.webs.upv.es\/elcinedeperezarroyo\/wp-content\/uploads\/2018\/10\/Estudio-Pe\u0301rez-Arroyo-1943EDITADA.jpg","width":6323,"height":3926},{"@type":"BreadcrumbList","@id":"https:\/\/grupoanimacion.webs.upv.es\/elcinedeperezarroyo\/la-familia\/cierre-en-iris\/#breadcrumb","itemListElement":[{"@type":"ListItem","position":1,"name":"Portada","item":"https:\/\/grupoanimacion.webs.upv.es\/elcinedeperezarroyo\/"},{"@type":"ListItem","position":2,"name":"La familia","item":"https:\/\/grupoanimacion.webs.upv.es\/elcinedeperezarroyo\/la-familia\/"},{"@type":"ListItem","position":3,"name":"Cierre en iris"}]},{"@type":"WebSite","@id":"https:\/\/grupoanimacion.webs.upv.es\/elcinedeperezarroyo\/#website","url":"https:\/\/grupoanimacion.webs.upv.es\/elcinedeperezarroyo\/","name":"El cine de Perez Arroyo","description":"","potentialAction":[{"@type":"SearchAction","target":{"@type":"EntryPoint","urlTemplate":"https:\/\/grupoanimacion.webs.upv.es\/elcinedeperezarroyo\/?s={search_term_string}"},"query-input":{"@type":"PropertyValueSpecification","valueRequired":true,"valueName":"search_term_string"}}],"inLanguage":"es"}]}},"_links":{"self":[{"href":"https:\/\/grupoanimacion.webs.upv.es\/elcinedeperezarroyo\/wp-json\/wp\/v2\/pages\/2146","targetHints":{"allow":["GET"]}}],"collection":[{"href":"https:\/\/grupoanimacion.webs.upv.es\/elcinedeperezarroyo\/wp-json\/wp\/v2\/pages"}],"about":[{"href":"https:\/\/grupoanimacion.webs.upv.es\/elcinedeperezarroyo\/wp-json\/wp\/v2\/types\/page"}],"author":[{"embeddable":true,"href":"https:\/\/grupoanimacion.webs.upv.es\/elcinedeperezarroyo\/wp-json\/wp\/v2\/users\/4"}],"replies":[{"embeddable":true,"href":"https:\/\/grupoanimacion.webs.upv.es\/elcinedeperezarroyo\/wp-json\/wp\/v2\/comments?post=2146"}],"version-history":[{"count":41,"href":"https:\/\/grupoanimacion.webs.upv.es\/elcinedeperezarroyo\/wp-json\/wp\/v2\/pages\/2146\/revisions"}],"predecessor-version":[{"id":4826,"href":"https:\/\/grupoanimacion.webs.upv.es\/elcinedeperezarroyo\/wp-json\/wp\/v2\/pages\/2146\/revisions\/4826"}],"up":[{"embeddable":true,"href":"https:\/\/grupoanimacion.webs.upv.es\/elcinedeperezarroyo\/wp-json\/wp\/v2\/pages\/491"}],"wp:featuredmedia":[{"embeddable":true,"href":"https:\/\/grupoanimacion.webs.upv.es\/elcinedeperezarroyo\/wp-json\/wp\/v2\/media\/1872"}],"wp:attachment":[{"href":"https:\/\/grupoanimacion.webs.upv.es\/elcinedeperezarroyo\/wp-json\/wp\/v2\/media?parent=2146"}],"curies":[{"name":"wp","href":"https:\/\/api.w.org\/{rel}","templated":true}]}}